{"id":6093,"date":"2013-08-25T21:18:25","date_gmt":"2013-08-25T19:18:25","guid":{"rendered":"http:\/\/cityrotterdam.com\/es\/comer-y-beber\/koffie-drinken-rotterdam"},"modified":"2018-01-17T20:15:08","modified_gmt":"2018-01-17T19:15:08","slug":"cafeterias-rotterdam","status":"publish","type":"page","link":"https:\/\/www.cityrotterdam.com\/es\/comer-y-beber\/cafeterias-rotterdam\/","title":{"rendered":"Cafeter\u00edas y bares para tomar un caf\u00e9 en Rotterdam"},"content":{"rendered":"<div class=\"wpb-content-wrapper\"><p>[vc_row][vc_column][vc_column_text]Rotterdam tiene mucho de ofrecer para amantes de caf\u00e9. Se dicen que el agua de Rotterdam es unos de los secretos. Aqu\u00ed te presentamos los mejores cafeter\u00edas y bares para tomar un caf\u00e9.[\/vc_column_text][\/vc_column][\/vc_row][vc_row][vc_column][vc_column_text]<\/p>\n<h3><span style=\"color: #000080;\"><strong>Mejores cafeter\u00edas de Rotterdam<\/strong><\/span><\/h3>\n<p>[\/vc_column_text][vc_row_inner][vc_column_inner width=\u00bb1\/3&#8243;][vc_single_image image=\u00bb1936&#8243; img_size=\u00bb200&#215;150&#8243; css=\u00bb.vc_custom_1449778346809{margin-bottom: 10px !important;}\u00bb][vc_column_text]<span style=\"color: #3366ff; font-size: 12pt;\"><strong><span style=\"color: #3366ff;\"><a href=\"\/?page_id=1376\" target=\"_blank\" rel=\"noopener\">Hopper Coffee<\/a><\/span><\/strong><\/span><br \/>\n<span style=\"font-size: 8pt;\">Schiedamse Vest 146<\/span><br \/>\nElegido en 2012 como mejor preparador de caf\u00e9 de Holanda. Se sirven tambi\u00e9n pan fresco. Situado en pleno centro cerca de <a href=\"https:\/\/www.cityrotterdam.com\/es\/visitar\/calles-prominentes-rotterdam\" target=\"_blank\" rel=\"noopener\">Witte de Withstraat<\/a>.[\/vc_column_text][\/vc_column_inner][vc_column_inner width=\u00bb1\/3&#8243;][vc_single_image image=\u00bb4300&#8243; img_size=\u00bb200&#215;150&#8243; css=\u00bb.vc_custom_1449778356967{margin-bottom: 10px !important;}\u00bb][vc_column_text]<span style=\"color: #3366ff; font-size: 12pt;\"><strong><a href=\"\/?page_id=4598\" target=\"_blank\" rel=\"noopener\">Man Met Bril Koffie<\/a><\/strong><\/span><br \/>\n<span style=\"font-size: 8pt;\">Vijverhofstraat 70<\/span><br \/>\nElegido en 2015 como mejor preparador de caf\u00e9 de Holanda. Este cafeter\u00eda voluntarioso est\u00e1 ubicado en el Hofbogen en un barrio residencial a diez minutos del centro.[\/vc_column_text][\/vc_column_inner][vc_column_inner width=\u00bb1\/3&#8243;][vc_single_image image=\u00bb1386&#8243; img_size=\u00bb200&#215;150&#8243; css=\u00bb.vc_custom_1449778364566{margin-bottom: 10px !important;}\u00bb][vc_column_text]<strong><span style=\"color: #3366ff; font-size: 12pt;\"><a href=\"\/?page_id=1384\" target=\"_blank\" rel=\"noopener\">Lokaal<\/a><\/span><a title=\"Espressobar Lokaal\" href=\"https:\/\/www.cityrotterdam.com\/uitgaan\/koffiebars-rotterdam\/espressobar-lokaal\" target=\"_blank\" rel=\"noopener\"><br \/>\n<\/a><\/strong><span style=\"font-size: 8pt;\">Raampoortstraat 34b<\/span><br \/>\nSituado en el Hofbogen en una zona popular. Tambi\u00e9n recomendable para el desayuno o el almuerzo.[\/vc_column_text][\/vc_column_inner][\/vc_row_inner][vc_row_inner][vc_column_inner width=\u00bb1\/3&#8243;][vc_single_image image=\u00bb1540&#8243; img_size=\u00bb300&#215;175&#8243; css=\u00bb.vc_custom_1449778390349{margin-bottom: 10px !important;}\u00bb][vc_column_text]<span style=\"color: #3366ff; font-size: 12pt;\"><strong><span style=\"color: #3366ff;\"><a href=\"\/?page_id=1537\" target=\"_blank\" rel=\"noopener\">Cappucino<\/a><\/span><\/strong><\/span><br \/>\n<span style=\"font-size: 8pt;\">Korte Hoogstraat 23<\/span><br \/>\nElegido tres veces como mejor cafeter\u00eda de Rotterdam.[\/vc_column_text][\/vc_column_inner][vc_column_inner width=\u00bb1\/3&#8243;][vc_single_image image=\u00bb1747&#8243; img_size=\u00bb300&#215;175&#8243; css=\u00bb.vc_custom_1449778399546{margin-bottom: 10px !important;}\u00bb][vc_column_text]<span style=\"color: #3366ff; font-size: 12pt;\"><span style=\"color: #3366ff;\"><strong>Urban 9<\/strong><\/span><\/span><br \/>\n<span style=\"font-size: 8pt;\">Botorsloot 44-a<\/span><br \/>\nUnos de los primeros lugares de espresso en Rotterdam, aunque la due\u00f1a es mudada a Rotterdam Oeste, es decir: Urban Espressobar West.[\/vc_column_text][\/vc_column_inner][vc_column_inner width=\u00bb1\/3&#8243;][vc_single_image image=\u00bb3341&#8243; img_size=\u00bb300&#215;175&#8243; css=\u00bb.vc_custom_1449778410099{margin-bottom: 10px !important;}\u00bb][vc_column_text]<span style=\"color: #3366ff; font-size: 12pt;\"><strong>Booon<\/strong><\/span><br \/>\n<span style=\"font-size: 8pt;\">Proveniersstraat 23<\/span><br \/>\nCafeter\u00eda con un estilo y ambiente italiano. Situado en un gran esquina de restaurantes cerca de la estaci\u00f3n central. Terraza modesta con encanto.[\/vc_column_text][\/vc_column_inner][\/vc_row_inner][vc_row_inner][vc_column_inner width=\u00bb1\/3&#8243;][vc_single_image image=\u00bb4623&#8243; img_size=\u00bb200&#215;150&#8243; css=\u00bb.vc_custom_1449778418940{margin-bottom: 10px !important;}\u00bb][vc_column_text]<span style=\"color: #3366ff; font-size: 12pt;\"><strong><span style=\"color: #3366ff;\">Ookami<\/span><\/strong><\/span><br \/>\n<span style=\"font-size: 8pt;\">Burgemeester Meineszplein 94a<\/span><br \/>\nOokami, situado en parte oeste de Rotterdam, sirve dos sabores de caf\u00e9: colombiano y indonesio.[\/vc_column_text][\/vc_column_inner][vc_column_inner width=\u00bb1\/3&#8243;][vc_single_image image=\u00bb4302&#8243; img_size=\u00bb200&#215;150&#8243; css=\u00bb.vc_custom_1449778427662{margin-bottom: 10px !important;}\u00bb][vc_column_text]<span style=\"color: #3366ff; font-size: 12pt;\"><strong>De IJssalon Meent<\/strong><\/span><br \/>\n<span style=\"font-size: 8pt;\">Meent 69-a<\/span><br \/>\nEsta helader\u00eda en pleno centro sirve tambi\u00e9n excelente caf\u00e9.[\/vc_column_text][\/vc_column_inner][\/vc_row_inner][\/vc_column][\/vc_row][vc_row][vc_column][vc_column_text]<\/p>\n<h3><span style=\"color: #000080;\"><strong>Mejores cadenas de cafeter\u00edas de Rotterdam<\/strong><\/span><\/h3>\n<p>[\/vc_column_text][vc_row_inner][vc_column_inner width=\u00bb1\/3&#8243;][vc_single_image image=\u00bb3342&#8243; img_size=\u00bb300&#215;175&#8243; css=\u00bb.vc_custom_1449778436701{margin-bottom: 10px !important;}\u00bb][vc_column_text]<span style=\"color: #3366ff; font-size: 12pt;\"><span style=\"color: #3366ff;\"><span style=\"color: #3366ff;\"><strong>Lebkov &amp; sons<\/strong><\/span><\/span> <a title=\"Stoomschip Rotterdam\" href=\"https:\/\/www.cityrotterdam.com\/ss-rotterdam.html\"><span style=\"color: #3366ff;\"><br \/>\n<\/span><\/a><\/span><span style=\"font-size: 8pt;\">Stationsplein 50<\/span><br \/>\nSituado en el Groothandelsgebouw junto a la Estaci\u00f3n Central.[\/vc_column_text][\/vc_column_inner][vc_column_inner width=\u00bb1\/3&#8243;][vc_single_image image=\u00bb3347&#8243; img_size=\u00bb300&#215;175&#8243; css=\u00bb.vc_custom_1449778444701{margin-bottom: 10px !important;}\u00bb][vc_column_text]<span style=\"color: #3366ff; font-size: 12pt;\"><strong><a href=\"\/?page_id=1758\" target=\"_blank\" rel=\"noopener\">Coffee Company<\/a><\/strong><\/span><br \/>\n<span style=\"font-size: 8pt;\">Meent 12-14 \/ Eendrachtsplein 2<\/span><br \/>\nTiene dos locales en el centro: de Meent y el Eendrachtsplein.[\/vc_column_text][\/vc_column_inner][vc_column_inner width=\u00bb1\/3&#8243;][vc_single_image image=\u00bb3346&#8243; img_size=\u00bb300&#215;175&#8243; css=\u00bb.vc_custom_1449778452642{margin-bottom: 10px !important;}\u00bb][vc_column_text]<span style=\"color: #3366ff; font-size: 12pt;\"><strong>Starbucks<\/strong><\/span><br \/>\n<span style=\"font-size: 8pt;\">Centraal Station<\/span><br \/>\nEst\u00e1 ubicado en la Estaci\u00f3n Central desde 2013.[\/vc_column_text][\/vc_column_inner][\/vc_row_inner][vc_row_inner][vc_column_inner width=\u00bb1\/3&#8243;][vc_single_image image=\u00bb3343&#8243; img_size=\u00bb300&#215;175&#8243; css=\u00bb.vc_custom_1449778462172{margin-bottom: 10px !important;}\u00bb][vc_column_text]<span style=\"font-size: 12pt;\"><span style=\"color: #3366ff;\"><strong><a href=\"\/?page_id=2862\" target=\"_blank\" rel=\"noopener\">Douwe Egberts<\/a><\/strong><\/span><\/span><br \/>\n<span style=\"font-size: 8pt;\">Stationsplein 25 \/ Binnenrotte 200<\/span><br \/>\nEst\u00e1 ubicado cerca de Estaci\u00f3n Central en el Edifico de Nationale Nederlanden. Su segundo local est\u00e1 cerca de la biblioteca principal y la mayor mercado de Rotterdam. Ellos sirven diferentes tipos de caf\u00e9.[\/vc_column_text][\/vc_column_inner][vc_column_inner width=\u00bb1\/3&#8243;][vc_single_image image=\u00bb3344&#8243; img_size=\u00bb300&#215;175&#8243; css=\u00bb.vc_custom_1449778470250{margin-bottom: 10px !important;}\u00bb][vc_column_text]<strong><span style=\"color: #3366ff; font-size: 12pt;\">Bagel &amp;\u00a0Beans<\/span><br \/>\n<\/strong><span style=\"font-size: 8pt;\">Schouwburgplein 80<\/span><br \/>\nLa cadena de cafeter\u00eda Bagel &amp; Beans tiene tres locales en Rotterdam.[\/vc_column_text][\/vc_column_inner][vc_column_inner width=\u00bb1\/3&#8243;]<br \/>\n[\/vc_column_inner][\/vc_row_inner][\/vc_column][\/vc_row][vc_row][vc_column][vc_column_text]<\/p>\n<p>[mapsmarker layer=\u00bb8&#8243;]<\/p>\n<p>[\/vc_column_text][\/vc_column][\/vc_row]<\/p>\n<\/div>","protected":false},"excerpt":{"rendered":"<p>[vc_row][vc_column][vc_column_text]Rotterdam tiene mucho de ofrecer para amantes de caf\u00e9. Se [&hellip;]<\/p>\n","protected":false},"author":1,"featured_media":0,"parent":5864,"menu_order":0,"comment_status":"closed","ping_status":"closed","template":"","meta":{"footnotes":""},"class_list":["post-6093","page","type-page","status-publish","hentry"],"yoast_head":"<!-- This site is optimized with the Yoast SEO plugin v27.6 - https:\/\/yoast.com\/product\/yoast-seo-wordpress\/ -->\n<title>Cafeter\u00edas para tomar un caf\u00e9 en Rotterdam | CityRotterdam<\/title>\n<meta name=\"description\" content=\"Visita los mejores cafeter\u00edas y bares de Rotterdam para tomar\u00a0caf\u00e9.\" \/>\n<meta name=\"robots\" content=\"index, follow, max-snippet:-1, max-image-preview:large, max-video-preview:-1\" \/>\n<link rel=\"canonical\" href=\"https:\/\/www.cityrotterdam.com\/es\/comer-y-beber\/cafeterias-rotterdam\/\" \/>\n<meta property=\"og:locale\" content=\"es_ES\" \/>\n<meta property=\"og:type\" content=\"article\" \/>\n<meta property=\"og:title\" content=\"Cafeter\u00edas para tomar un caf\u00e9 en Rotterdam | CityRotterdam\" \/>\n<meta property=\"og:description\" content=\"Visita los mejores cafeter\u00edas y bares de Rotterdam para tomar\u00a0caf\u00e9.\" \/>\n<meta property=\"og:url\" content=\"https:\/\/www.cityrotterdam.com\/es\/comer-y-beber\/cafeterias-rotterdam\/\" \/>\n<meta property=\"og:site_name\" content=\"CityRotterdam - City Guide\" \/>\n<meta property=\"article:modified_time\" content=\"2018-01-17T19:15:08+00:00\" \/>\n<meta name=\"twitter:label1\" content=\"Tiempo de lectura\" \/>\n\t<meta name=\"twitter:data1\" content=\"4 minutos\" \/>\n<script type=\"application\/ld+json\" class=\"yoast-schema-graph\">{\"@context\":\"https:\\\/\\\/schema.org\",\"@graph\":[{\"@type\":\"WebPage\",\"@id\":\"https:\\\/\\\/www.cityrotterdam.com\\\/es\\\/comer-y-beber\\\/cafeterias-rotterdam\\\/\",\"url\":\"https:\\\/\\\/www.cityrotterdam.com\\\/es\\\/comer-y-beber\\\/cafeterias-rotterdam\\\/\",\"name\":\"Cafeter\u00edas para tomar un caf\u00e9 en Rotterdam | CityRotterdam\",\"isPartOf\":{\"@id\":\"https:\\\/\\\/www.cityrotterdam.com\\\/#website\"},\"datePublished\":\"2013-08-25T19:18:25+00:00\",\"dateModified\":\"2018-01-17T19:15:08+00:00\",\"description\":\"Visita los mejores cafeter\u00edas y bares de Rotterdam para tomar\u00a0caf\u00e9.\",\"breadcrumb\":{\"@id\":\"https:\\\/\\\/www.cityrotterdam.com\\\/es\\\/comer-y-beber\\\/cafeterias-rotterdam\\\/#breadcrumb\"},\"inLanguage\":\"es\",\"potentialAction\":[{\"@type\":\"ReadAction\",\"target\":[\"https:\\\/\\\/www.cityrotterdam.com\\\/es\\\/comer-y-beber\\\/cafeterias-rotterdam\\\/\"]}]},{\"@type\":\"BreadcrumbList\",\"@id\":\"https:\\\/\\\/www.cityrotterdam.com\\\/es\\\/comer-y-beber\\\/cafeterias-rotterdam\\\/#breadcrumb\",\"itemListElement\":[{\"@type\":\"ListItem\",\"position\":1,\"name\":\"Home\",\"item\":\"https:\\\/\\\/www.cityrotterdam.com\\\/es\\\/\"},{\"@type\":\"ListItem\",\"position\":2,\"name\":\"Comer y beber en Rotterdam\",\"item\":\"https:\\\/\\\/www.cityrotterdam.com\\\/es\\\/comer-y-beber\\\/\"},{\"@type\":\"ListItem\",\"position\":3,\"name\":\"Cafeter\u00edas y bares para tomar un caf\u00e9 en Rotterdam\"}]},{\"@type\":\"WebSite\",\"@id\":\"https:\\\/\\\/www.cityrotterdam.com\\\/#website\",\"url\":\"https:\\\/\\\/www.cityrotterdam.com\\\/\",\"name\":\"CityRotterdam - City Guide\",\"description\":\"\",\"potentialAction\":[{\"@type\":\"SearchAction\",\"target\":{\"@type\":\"EntryPoint\",\"urlTemplate\":\"https:\\\/\\\/www.cityrotterdam.com\\\/?s={search_term_string}\"},\"query-input\":{\"@type\":\"PropertyValueSpecification\",\"valueRequired\":true,\"valueName\":\"search_term_string\"}}],\"inLanguage\":\"es\"}]}<\/script>\n<!-- \/ Yoast SEO plugin. -->","yoast_head_json":{"title":"Cafeter\u00edas para tomar un caf\u00e9 en Rotterdam | CityRotterdam","description":"Visita los mejores cafeter\u00edas y bares de Rotterdam para tomar\u00a0caf\u00e9.","robots":{"index":"index","follow":"follow","max-snippet":"max-snippet:-1","max-image-preview":"max-image-preview:large","max-video-preview":"max-video-preview:-1"},"canonical":"https:\/\/www.cityrotterdam.com\/es\/comer-y-beber\/cafeterias-rotterdam\/","og_locale":"es_ES","og_type":"article","og_title":"Cafeter\u00edas para tomar un caf\u00e9 en Rotterdam | CityRotterdam","og_description":"Visita los mejores cafeter\u00edas y bares de Rotterdam para tomar\u00a0caf\u00e9.","og_url":"https:\/\/www.cityrotterdam.com\/es\/comer-y-beber\/cafeterias-rotterdam\/","og_site_name":"CityRotterdam - City Guide","article_modified_time":"2018-01-17T19:15:08+00:00","twitter_misc":{"Tiempo de lectura":"4 minutos"},"schema":{"@context":"https:\/\/schema.org","@graph":[{"@type":"WebPage","@id":"https:\/\/www.cityrotterdam.com\/es\/comer-y-beber\/cafeterias-rotterdam\/","url":"https:\/\/www.cityrotterdam.com\/es\/comer-y-beber\/cafeterias-rotterdam\/","name":"Cafeter\u00edas para tomar un caf\u00e9 en Rotterdam | CityRotterdam","isPartOf":{"@id":"https:\/\/www.cityrotterdam.com\/#website"},"datePublished":"2013-08-25T19:18:25+00:00","dateModified":"2018-01-17T19:15:08+00:00","description":"Visita los mejores cafeter\u00edas y bares de Rotterdam para tomar\u00a0caf\u00e9.","breadcrumb":{"@id":"https:\/\/www.cityrotterdam.com\/es\/comer-y-beber\/cafeterias-rotterdam\/#breadcrumb"},"inLanguage":"es","potentialAction":[{"@type":"ReadAction","target":["https:\/\/www.cityrotterdam.com\/es\/comer-y-beber\/cafeterias-rotterdam\/"]}]},{"@type":"BreadcrumbList","@id":"https:\/\/www.cityrotterdam.com\/es\/comer-y-beber\/cafeterias-rotterdam\/#breadcrumb","itemListElement":[{"@type":"ListItem","position":1,"name":"Home","item":"https:\/\/www.cityrotterdam.com\/es\/"},{"@type":"ListItem","position":2,"name":"Comer y beber en Rotterdam","item":"https:\/\/www.cityrotterdam.com\/es\/comer-y-beber\/"},{"@type":"ListItem","position":3,"name":"Cafeter\u00edas y bares para tomar un caf\u00e9 en Rotterdam"}]},{"@type":"WebSite","@id":"https:\/\/www.cityrotterdam.com\/#website","url":"https:\/\/www.cityrotterdam.com\/","name":"CityRotterdam - City Guide","description":"","potentialAction":[{"@type":"SearchAction","target":{"@type":"EntryPoint","urlTemplate":"https:\/\/www.cityrotterdam.com\/?s={search_term_string}"},"query-input":{"@type":"PropertyValueSpecification","valueRequired":true,"valueName":"search_term_string"}}],"inLanguage":"es"}]}},"_links":{"self":[{"href":"https:\/\/www.cityrotterdam.com\/es\/wp-json\/wp\/v2\/pages\/6093","targetHints":{"allow":["GET"]}}],"collection":[{"href":"https:\/\/www.cityrotterdam.com\/es\/wp-json\/wp\/v2\/pages"}],"about":[{"href":"https:\/\/www.cityrotterdam.com\/es\/wp-json\/wp\/v2\/types\/page"}],"author":[{"embeddable":true,"href":"https:\/\/www.cityrotterdam.com\/es\/wp-json\/wp\/v2\/users\/1"}],"replies":[{"embeddable":true,"href":"https:\/\/www.cityrotterdam.com\/es\/wp-json\/wp\/v2\/comments?post=6093"}],"version-history":[{"count":0,"href":"https:\/\/www.cityrotterdam.com\/es\/wp-json\/wp\/v2\/pages\/6093\/revisions"}],"up":[{"embeddable":true,"href":"https:\/\/www.cityrotterdam.com\/es\/wp-json\/wp\/v2\/pages\/5864"}],"wp:attachment":[{"href":"https:\/\/www.cityrotterdam.com\/es\/wp-json\/wp\/v2\/media?parent=6093"}],"curies":[{"name":"wp","href":"https:\/\/api.w.org\/{rel}","templated":true}]}}