{"id":11906,"date":"2017-01-15T11:01:52","date_gmt":"2017-01-15T10:01:52","guid":{"rendered":"https:\/\/www.cityrotterdam.com\/reiseinfos\/unterwegs-in-rotterdam\/parkeren-rotterdam\/"},"modified":"2018-11-25T11:22:13","modified_gmt":"2018-11-25T10:22:13","slug":"parken","status":"publish","type":"page","link":"https:\/\/www.cityrotterdam.com\/de\/reiseinfos\/unterwegs-in-rotterdam\/parken\/","title":{"rendered":"Parken in Rotterdam"},"content":{"rendered":"<div class=\"wpb-content-wrapper\"><p>[vc_row][vc_column][vc_column_text]Finden Sie passende Parkpl\u00e4tze in Rotterdam: Parkh\u00e4user, P+R-Parkpl\u00e4tze und\u00a0Parkpl\u00e4tze f\u00fcr Reisebussen.[\/vc_column_text][\/vc_column][\/vc_row][vc_row][vc_column width=&#8220;1\/2&#8243;][vc_column_text]<span style=\"font-size: 12pt; color: #3366ff;\">Parkh\u00e4user Rotterdam<\/span><br \/>\nIm Rotterdamer Stadtgebiet gibt es 8 Parkh\u00e4user: Schouwburgplein (2), Kiphof, Oude Haven, Erasmusbrug, Museumpark, Meent und Boompjes.[\/vc_column_text][\/vc_column][vc_column width=&#8220;1\/2&#8243;][vc_single_image image=&#8220;7714&#8243; img_size=&#8220;300&#215;200&#8243;][\/vc_column][\/vc_row][vc_row][vc_column width=&#8220;1\/2&#8243;][vc_column_text]<span style=\"font-size: 12pt; color: #3366ff;\">P+R-Parkpl\u00e4tze am Stadtrand\u00a0<\/span><br \/>\nDie P+R Parkzonen befinden sich am Randt der Stadt beim \u00f6ffentlichen Verkehr. Beispielen daf\u00fcr sind Kralingse Zoom, Alexander und Slinge.[\/vc_column_text][\/vc_column][vc_column width=&#8220;1\/2&#8243;][vc_single_image image=&#8220;7715&#8243; img_size=&#8220;300&#215;200&#8243;][\/vc_column][\/vc_row][vc_row][vc_column width=&#8220;1\/2&#8243;][vc_column_text]<span style=\"font-size: 12pt; color: #3366ff;\">Parken Reisebussen Rotterdam<\/span><br \/>\nF\u00fcr Bussen gibt es in Rotterdam bestimmte\u00a0Parkpl\u00e4tze: Willemsplein bei Erasmusbr\u00fccke (17 Parkpl\u00e4tze), Parkhaven bei Euromast (5 Parkpl\u00e4tze), Blaak bei Maritiem Museum (3 Parkpl\u00e4tze), Boompjeskade (3 Parkpl\u00e4tze), Museumpark bei Museum Boijmans (1 Parkplatz), Mariniershof bij Savoy Hotel (1 Parkplatz).[\/vc_column_text][\/vc_column][vc_column width=&#8220;1\/2&#8243;][vc_single_image image=&#8220;4587&#8243; img_size=&#8220;300&#215;200&#8243;][\/vc_column][\/vc_row]<\/p>\n<\/div>","protected":false},"excerpt":{"rendered":"<p>[vc_row][vc_column][vc_column_text]Finden Sie passende Parkpl\u00e4tze in Rotterdam: Parkh\u00e4user, P+R-Parkpl\u00e4tze und\u00a0Parkpl\u00e4tze f\u00fcr [&hellip;]<\/p>\n","protected":false},"author":4,"featured_media":0,"parent":10456,"menu_order":0,"comment_status":"closed","ping_status":"closed","template":"","meta":{"footnotes":""},"class_list":["post-11906","page","type-page","status-publish","hentry"],"yoast_head":"<!-- This site is optimized with the Yoast SEO plugin v27.5 - https:\/\/yoast.com\/product\/yoast-seo-wordpress\/ -->\n<title>Parken in Rotterdam | City Rotterdam | Reiseportal<\/title>\n<meta name=\"description\" content=\"Parkpl\u00e4tze sind in Rotterdam einfach zu finden. Finden Sie passende Parkpl\u00e4tze in Rotterdam: Parkh\u00e4user, P+R-Parkpl\u00e4tze und\u00a0Parkpl\u00e4tze f\u00fcr Reisebussen.\" \/>\n<meta name=\"robots\" content=\"index, follow, max-snippet:-1, max-image-preview:large, max-video-preview:-1\" \/>\n<link rel=\"canonical\" href=\"https:\/\/www.cityrotterdam.com\/de\/reiseinfos\/unterwegs-in-rotterdam\/parken\/\" \/>\n<meta property=\"og:locale\" content=\"de_DE\" \/>\n<meta property=\"og:type\" content=\"article\" \/>\n<meta property=\"og:title\" content=\"Parken in Rotterdam | City Rotterdam | Reiseportal\" \/>\n<meta property=\"og:description\" content=\"Parkpl\u00e4tze sind in Rotterdam einfach zu finden. Finden Sie passende Parkpl\u00e4tze in Rotterdam: Parkh\u00e4user, P+R-Parkpl\u00e4tze und\u00a0Parkpl\u00e4tze f\u00fcr Reisebussen.\" \/>\n<meta property=\"og:url\" content=\"https:\/\/www.cityrotterdam.com\/de\/reiseinfos\/unterwegs-in-rotterdam\/parken\/\" \/>\n<meta property=\"og:site_name\" content=\"CityRotterdam - City Guide\" \/>\n<meta property=\"article:modified_time\" content=\"2018-11-25T10:22:13+00:00\" \/>\n<meta name=\"twitter:label1\" content=\"Gesch\u00e4tzte Lesezeit\" \/>\n\t<meta name=\"twitter:data1\" content=\"1\u00a0Minute\" \/>\n<script type=\"application\/ld+json\" class=\"yoast-schema-graph\">{\"@context\":\"https:\\\/\\\/schema.org\",\"@graph\":[{\"@type\":\"WebPage\",\"@id\":\"https:\\\/\\\/www.cityrotterdam.com\\\/de\\\/reiseinfos\\\/unterwegs-in-rotterdam\\\/parken\\\/\",\"url\":\"https:\\\/\\\/www.cityrotterdam.com\\\/de\\\/reiseinfos\\\/unterwegs-in-rotterdam\\\/parken\\\/\",\"name\":\"Parken in Rotterdam | City Rotterdam | Reiseportal\",\"isPartOf\":{\"@id\":\"https:\\\/\\\/www.cityrotterdam.com\\\/#website\"},\"datePublished\":\"2017-01-15T10:01:52+00:00\",\"dateModified\":\"2018-11-25T10:22:13+00:00\",\"description\":\"Parkpl\u00e4tze sind in Rotterdam einfach zu finden. Finden Sie passende Parkpl\u00e4tze in Rotterdam: Parkh\u00e4user, P+R-Parkpl\u00e4tze und\u00a0Parkpl\u00e4tze f\u00fcr Reisebussen.\",\"breadcrumb\":{\"@id\":\"https:\\\/\\\/www.cityrotterdam.com\\\/de\\\/reiseinfos\\\/unterwegs-in-rotterdam\\\/parken\\\/#breadcrumb\"},\"inLanguage\":\"de\",\"potentialAction\":[{\"@type\":\"ReadAction\",\"target\":[\"https:\\\/\\\/www.cityrotterdam.com\\\/de\\\/reiseinfos\\\/unterwegs-in-rotterdam\\\/parken\\\/\"]}]},{\"@type\":\"BreadcrumbList\",\"@id\":\"https:\\\/\\\/www.cityrotterdam.com\\\/de\\\/reiseinfos\\\/unterwegs-in-rotterdam\\\/parken\\\/#breadcrumb\",\"itemListElement\":[{\"@type\":\"ListItem\",\"position\":1,\"name\":\"Home\",\"item\":\"https:\\\/\\\/www.cityrotterdam.com\\\/de\\\/\"},{\"@type\":\"ListItem\",\"position\":2,\"name\":\"Reiseinfos Rotterdam\",\"item\":\"https:\\\/\\\/www.cityrotterdam.com\\\/de\\\/reiseinfos\\\/\"},{\"@type\":\"ListItem\",\"position\":3,\"name\":\"Unterwegs in Rotterdam\",\"item\":\"https:\\\/\\\/www.cityrotterdam.com\\\/de\\\/reiseinfos\\\/unterwegs-in-rotterdam\\\/\"},{\"@type\":\"ListItem\",\"position\":4,\"name\":\"Parken in Rotterdam\"}]},{\"@type\":\"WebSite\",\"@id\":\"https:\\\/\\\/www.cityrotterdam.com\\\/#website\",\"url\":\"https:\\\/\\\/www.cityrotterdam.com\\\/\",\"name\":\"CityRotterdam - City Guide\",\"description\":\"\",\"potentialAction\":[{\"@type\":\"SearchAction\",\"target\":{\"@type\":\"EntryPoint\",\"urlTemplate\":\"https:\\\/\\\/www.cityrotterdam.com\\\/?s={search_term_string}\"},\"query-input\":{\"@type\":\"PropertyValueSpecification\",\"valueRequired\":true,\"valueName\":\"search_term_string\"}}],\"inLanguage\":\"de\"}]}<\/script>\n<!-- \/ Yoast SEO plugin. -->","yoast_head_json":{"title":"Parken in Rotterdam | City Rotterdam | Reiseportal","description":"Parkpl\u00e4tze sind in Rotterdam einfach zu finden. Finden Sie passende Parkpl\u00e4tze in Rotterdam: Parkh\u00e4user, P+R-Parkpl\u00e4tze und\u00a0Parkpl\u00e4tze f\u00fcr Reisebussen.","robots":{"index":"index","follow":"follow","max-snippet":"max-snippet:-1","max-image-preview":"max-image-preview:large","max-video-preview":"max-video-preview:-1"},"canonical":"https:\/\/www.cityrotterdam.com\/de\/reiseinfos\/unterwegs-in-rotterdam\/parken\/","og_locale":"de_DE","og_type":"article","og_title":"Parken in Rotterdam | City Rotterdam | Reiseportal","og_description":"Parkpl\u00e4tze sind in Rotterdam einfach zu finden. Finden Sie passende Parkpl\u00e4tze in Rotterdam: Parkh\u00e4user, P+R-Parkpl\u00e4tze und\u00a0Parkpl\u00e4tze f\u00fcr Reisebussen.","og_url":"https:\/\/www.cityrotterdam.com\/de\/reiseinfos\/unterwegs-in-rotterdam\/parken\/","og_site_name":"CityRotterdam - City Guide","article_modified_time":"2018-11-25T10:22:13+00:00","twitter_misc":{"Gesch\u00e4tzte Lesezeit":"1\u00a0Minute"},"schema":{"@context":"https:\/\/schema.org","@graph":[{"@type":"WebPage","@id":"https:\/\/www.cityrotterdam.com\/de\/reiseinfos\/unterwegs-in-rotterdam\/parken\/","url":"https:\/\/www.cityrotterdam.com\/de\/reiseinfos\/unterwegs-in-rotterdam\/parken\/","name":"Parken in Rotterdam | City Rotterdam | Reiseportal","isPartOf":{"@id":"https:\/\/www.cityrotterdam.com\/#website"},"datePublished":"2017-01-15T10:01:52+00:00","dateModified":"2018-11-25T10:22:13+00:00","description":"Parkpl\u00e4tze sind in Rotterdam einfach zu finden. Finden Sie passende Parkpl\u00e4tze in Rotterdam: Parkh\u00e4user, P+R-Parkpl\u00e4tze und\u00a0Parkpl\u00e4tze f\u00fcr Reisebussen.","breadcrumb":{"@id":"https:\/\/www.cityrotterdam.com\/de\/reiseinfos\/unterwegs-in-rotterdam\/parken\/#breadcrumb"},"inLanguage":"de","potentialAction":[{"@type":"ReadAction","target":["https:\/\/www.cityrotterdam.com\/de\/reiseinfos\/unterwegs-in-rotterdam\/parken\/"]}]},{"@type":"BreadcrumbList","@id":"https:\/\/www.cityrotterdam.com\/de\/reiseinfos\/unterwegs-in-rotterdam\/parken\/#breadcrumb","itemListElement":[{"@type":"ListItem","position":1,"name":"Home","item":"https:\/\/www.cityrotterdam.com\/de\/"},{"@type":"ListItem","position":2,"name":"Reiseinfos Rotterdam","item":"https:\/\/www.cityrotterdam.com\/de\/reiseinfos\/"},{"@type":"ListItem","position":3,"name":"Unterwegs in Rotterdam","item":"https:\/\/www.cityrotterdam.com\/de\/reiseinfos\/unterwegs-in-rotterdam\/"},{"@type":"ListItem","position":4,"name":"Parken in Rotterdam"}]},{"@type":"WebSite","@id":"https:\/\/www.cityrotterdam.com\/#website","url":"https:\/\/www.cityrotterdam.com\/","name":"CityRotterdam - City Guide","description":"","potentialAction":[{"@type":"SearchAction","target":{"@type":"EntryPoint","urlTemplate":"https:\/\/www.cityrotterdam.com\/?s={search_term_string}"},"query-input":{"@type":"PropertyValueSpecification","valueRequired":true,"valueName":"search_term_string"}}],"inLanguage":"de"}]}},"_links":{"self":[{"href":"https:\/\/www.cityrotterdam.com\/de\/wp-json\/wp\/v2\/pages\/11906","targetHints":{"allow":["GET"]}}],"collection":[{"href":"https:\/\/www.cityrotterdam.com\/de\/wp-json\/wp\/v2\/pages"}],"about":[{"href":"https:\/\/www.cityrotterdam.com\/de\/wp-json\/wp\/v2\/types\/page"}],"author":[{"embeddable":true,"href":"https:\/\/www.cityrotterdam.com\/de\/wp-json\/wp\/v2\/users\/4"}],"replies":[{"embeddable":true,"href":"https:\/\/www.cityrotterdam.com\/de\/wp-json\/wp\/v2\/comments?post=11906"}],"version-history":[{"count":0,"href":"https:\/\/www.cityrotterdam.com\/de\/wp-json\/wp\/v2\/pages\/11906\/revisions"}],"up":[{"embeddable":true,"href":"https:\/\/www.cityrotterdam.com\/de\/wp-json\/wp\/v2\/pages\/10456"}],"wp:attachment":[{"href":"https:\/\/www.cityrotterdam.com\/de\/wp-json\/wp\/v2\/media?parent=11906"}],"curies":[{"name":"wp","href":"https:\/\/api.w.org\/{rel}","templated":true}]}}